{"id":22,"date":"2013-03-26T13:31:46","date_gmt":"2013-03-26T13:31:46","guid":{"rendered":"http:\/\/phoenix.astro.physik.uni-goettingen.de\/new\/?page_id=22"},"modified":"2013-03-26T14:25:19","modified_gmt":"2013-03-26T14:25:19","slug":"contact","status":"publish","type":"page","link":"https:\/\/phoenix.astro.physik.uni-goettingen.de\/?page_id=22","title":{"rendered":"Contact"},"content":{"rendered":"<p>Tim-Oliver Husser<br \/>\n<a title=\"husser@astro.physik.uni-goettingen.de\" href=\"mailto:husser@astro.physik.uni-goettingen.de\">husser@astro.physik.uni-goettingen.de<\/a><\/p>\n<p><em>Institut f\u00fcr Astrophysik<\/em><br \/>\n<em> Georg-August-Universit\u00e4t G\u00f6ttingen<\/em><br \/>\n<em id=\"__mceDel\">Friedrich-Hund-Platz 1<br \/>\n<em id=\"__mceDel\">37077 G\u00f6ttingen<br \/>\n<em id=\"__mceDel\">Germany<\/em><\/em><\/em><\/p>\n","protected":false},"excerpt":{"rendered":"<p>Tim-Oliver Husser husser@astro.physik.uni-goettingen.de Institut f\u00fcr Astrophysik Georg-August-Universit\u00e4t G\u00f6ttingen Friedrich-Hund-Platz 1 37077 G\u00f6ttingen Germany<\/p>\n","protected":false},"author":2,"featured_media":0,"parent":0,"menu_order":0,"comment_status":"closed","ping_status":"open","template":"","meta":[],"_links":{"self":[{"href":"https:\/\/phoenix.astro.physik.uni-goettingen.de\/index.php?rest_route=\/wp\/v2\/pages\/22"}],"collection":[{"href":"https:\/\/phoenix.astro.physik.uni-goettingen.de\/index.php?rest_route=\/wp\/v2\/pages"}],"about":[{"href":"https:\/\/phoenix.astro.physik.uni-goettingen.de\/index.php?rest_route=\/wp\/v2\/types\/page"}],"author":[{"embeddable":true,"href":"https:\/\/phoenix.astro.physik.uni-goettingen.de\/index.php?rest_route=\/wp\/v2\/users\/2"}],"replies":[{"embeddable":true,"href":"https:\/\/phoenix.astro.physik.uni-goettingen.de\/index.php?rest_route=%2Fwp%2Fv2%2Fcomments&post=22"}],"version-history":[{"count":5,"href":"https:\/\/phoenix.astro.physik.uni-goettingen.de\/index.php?rest_route=\/wp\/v2\/pages\/22\/revisions"}],"predecessor-version":[{"id":35,"href":"https:\/\/phoenix.astro.physik.uni-goettingen.de\/index.php?rest_route=\/wp\/v2\/pages\/22\/revisions\/35"}],"wp:attachment":[{"href":"https:\/\/phoenix.astro.physik.uni-goettingen.de\/index.php?rest_route=%2Fwp%2Fv2%2Fmedia&parent=22"}],"curies":[{"name":"wp","href":"https:\/\/api.w.org\/{rel}","templated":true}]}}